{"id":229,"date":"2023-09-23T02:59:33","date_gmt":"2023-09-23T05:59:33","guid":{"rendered":"https:\/\/marazziadv.com\/?page_id=229"},"modified":"2025-06-17T20:49:15","modified_gmt":"2025-06-17T23:49:15","slug":"blog","status":"publish","type":"page","link":"https:\/\/marazziadv.com\/?page_id=229","title":{"rendered":"Planejamento Sucess\u00f3rio: Proteja Seu Legado e Evite Dores de Cabe\u00e7a para Sua Fam\u00edlia"},"content":{"rendered":"\n<p><\/p>\n\n\n\n<p><\/p>\n\n\n<style>\/*! elementor - v3.16.0 - 14-09-2023 *\/<br \/>\n.elementor-heading-title{padding:0;margin:0;line-height:1}.elementor-widget-heading .elementor-heading-title[class*=elementor-size-]>a{color:inherit;font-size:inherit;line-height:inherit}.elementor-widget-heading .elementor-heading-title.elementor-size-small{font-size:15px}.elementor-widget-heading .elementor-heading-title.elementor-size-medium{font-size:19px}.elementor-widget-heading .elementor-heading-title.elementor-size-large{font-size:29px}.elementor-widget-heading .elementor-heading-title.elementor-size-xl{font-size:39px}.elementor-widget-heading .elementor-heading-title.elementor-size-xxl{font-size:59px}<\/style>\n<h2>Nossos Posts<\/h2>\n\n\n<p><\/p>\n","protected":false},"excerpt":{"rendered":"<p>Nossos Posts<\/p>\n","protected":false},"author":1,"featured_media":0,"parent":0,"menu_order":0,"comment_status":"closed","ping_status":"closed","template":"","meta":{"footnotes":""},"class_list":["post-229","page","type-page","status-publish","hentry"],"_links":{"self":[{"href":"https:\/\/marazziadv.com\/index.php?rest_route=\/wp\/v2\/pages\/229","targetHints":{"allow":["GET"]}}],"collection":[{"href":"https:\/\/marazziadv.com\/index.php?rest_route=\/wp\/v2\/pages"}],"about":[{"href":"https:\/\/marazziadv.com\/index.php?rest_route=\/wp\/v2\/types\/page"}],"author":[{"embeddable":true,"href":"https:\/\/marazziadv.com\/index.php?rest_route=\/wp\/v2\/users\/1"}],"replies":[{"embeddable":true,"href":"https:\/\/marazziadv.com\/index.php?rest_route=%2Fwp%2Fv2%2Fcomments&post=229"}],"version-history":[{"count":20,"href":"https:\/\/marazziadv.com\/index.php?rest_route=\/wp\/v2\/pages\/229\/revisions"}],"predecessor-version":[{"id":708,"href":"https:\/\/marazziadv.com\/index.php?rest_route=\/wp\/v2\/pages\/229\/revisions\/708"}],"wp:attachment":[{"href":"https:\/\/marazziadv.com\/index.php?rest_route=%2Fwp%2Fv2%2Fmedia&parent=229"}],"curies":[{"name":"wp","href":"https:\/\/api.w.org\/{rel}","templated":true}]}}