{"id":48,"date":"2023-09-22T18:53:39","date_gmt":"2023-09-22T21:53:39","guid":{"rendered":"https:\/\/marazziadv.com\/?page_id=48"},"modified":"2025-05-14T16:59:19","modified_gmt":"2025-05-14T19:59:19","slug":"sobre-mim","status":"publish","type":"page","link":"https:\/\/marazziadv.com\/?page_id=48","title":{"rendered":"Sobre Mim"},"content":{"rendered":"\t\t<div data-elementor-type=\"wp-page\" data-elementor-id=\"48\" class=\"elementor elementor-48\" data-elementor-post-type=\"page\">\n\t\t\t\t\t\t\t<div class=\"elementor-element elementor-element-e3a9a48 e-flex e-con-boxed e-con e-parent\" data-id=\"e3a9a48\" data-element_type=\"container\" data-settings=\"{&quot;content_width&quot;:&quot;boxed&quot;}\" data-core-v316-plus=\"true\">\n\t\t\t\t\t<div class=\"e-con-inner\">\n\t\t\t\t<div class=\"elementor-element elementor-element-d9b0257 elementor-widget__width-initial elementor-widget-mobile__width-initial elementor-widget elementor-widget-image\" data-id=\"d9b0257\" data-element_type=\"widget\" data-widget_type=\"image.default\">\n\t\t\t\t<div class=\"elementor-widget-container\">\n\t\t\t<style>\/*! elementor - v3.16.0 - 14-09-2023 *\/\n.elementor-widget-image{text-align:center}.elementor-widget-image a{display:inline-block}.elementor-widget-image a img[src$=\".svg\"]{width:48px}.elementor-widget-image img{vertical-align:middle;display:inline-block}<\/style>\t\t\t\t\t\t\t\t\t\t\t\t<img loading=\"lazy\" decoding=\"async\" width=\"768\" height=\"609\" src=\"https:\/\/marazziadv.com\/wp-content\/uploads\/2023\/11\/IMG_0681-1-768x609.jpg\" class=\"attachment-medium_large size-medium_large wp-image-417\" alt=\"\" srcset=\"https:\/\/marazziadv.com\/wp-content\/uploads\/2023\/11\/IMG_0681-1-768x609.jpg 768w, https:\/\/marazziadv.com\/wp-content\/uploads\/2023\/11\/IMG_0681-1-300x238.jpg 300w, https:\/\/marazziadv.com\/wp-content\/uploads\/2023\/11\/IMG_0681-1-1024x811.jpg 1024w, https:\/\/marazziadv.com\/wp-content\/uploads\/2023\/11\/IMG_0681-1-1536x1217.jpg 1536w, https:\/\/marazziadv.com\/wp-content\/uploads\/2023\/11\/IMG_0681-1-2048x1623.jpg 2048w\" sizes=\"auto, (max-width: 768px) 100vw, 768px\" \/>\t\t\t\t\t\t\t\t\t\t\t\t\t\t\t<\/div>\n\t\t\t\t<\/div>\n\t\t<div class=\"elementor-element elementor-element-d14c3c5 e-flex e-con-boxed e-con e-child\" data-id=\"d14c3c5\" data-element_type=\"container\" data-settings=\"{&quot;content_width&quot;:&quot;boxed&quot;}\">\n\t\t\t\t\t<div class=\"e-con-inner\">\n\t\t\t\t<div class=\"elementor-element elementor-element-547059c elementor-widget elementor-widget-heading\" data-id=\"547059c\" data-element_type=\"widget\" data-widget_type=\"heading.default\">\n\t\t\t\t<div class=\"elementor-widget-container\">\n\t\t\t<style>\/*! elementor - v3.16.0 - 14-09-2023 *\/\n.elementor-heading-title{padding:0;margin:0;line-height:1}.elementor-widget-heading .elementor-heading-title[class*=elementor-size-]>a{color:inherit;font-size:inherit;line-height:inherit}.elementor-widget-heading .elementor-heading-title.elementor-size-small{font-size:15px}.elementor-widget-heading .elementor-heading-title.elementor-size-medium{font-size:19px}.elementor-widget-heading .elementor-heading-title.elementor-size-large{font-size:29px}.elementor-widget-heading .elementor-heading-title.elementor-size-xl{font-size:39px}.elementor-widget-heading .elementor-heading-title.elementor-size-xxl{font-size:59px}<\/style><h2 class=\"elementor-heading-title elementor-size-large\">Dra. Tatiana Michele Marazzi Welge<\/h2>\t\t<\/div>\n\t\t\t\t<\/div>\n\t\t\t\t<div class=\"elementor-element elementor-element-4e9e954 elementor-widget elementor-widget-text-editor\" data-id=\"4e9e954\" data-element_type=\"widget\" data-widget_type=\"text-editor.default\">\n\t\t\t\t<div class=\"elementor-widget-container\">\n\t\t\t<style>\/*! elementor - v3.16.0 - 14-09-2023 *\/\n.elementor-widget-text-editor.elementor-drop-cap-view-stacked .elementor-drop-cap{background-color:#69727d;color:#fff}.elementor-widget-text-editor.elementor-drop-cap-view-framed .elementor-drop-cap{color:#69727d;border:3px solid;background-color:transparent}.elementor-widget-text-editor:not(.elementor-drop-cap-view-default) .elementor-drop-cap{margin-top:8px}.elementor-widget-text-editor:not(.elementor-drop-cap-view-default) .elementor-drop-cap-letter{width:1em;height:1em}.elementor-widget-text-editor .elementor-drop-cap{float:left;text-align:center;line-height:1;font-size:50px}.elementor-widget-text-editor .elementor-drop-cap-letter{display:inline-block}<\/style>\t\t\t\t<p>Formada pela Faculdade de Direito do Largo de S\u00e3o Francisco da Universidade de S\u00e3o Paulo em 2000, \u00e9 advogada registrada na Ordem dos Advogados do Brasil desde 2001, com o n\u00famero 185.553.<\/p><p>Come\u00e7ou sua trajet\u00f3ria na \u00e1rea jur\u00eddica durante um est\u00e1gio no Departamento Jur\u00eddico XI de Agosto, onde foi diretora administrativa em 1999. Com uma bagagem em escrit\u00f3rios de advocacia em S\u00e3o Paulo e consultoria empresarial, focando em Servi\u00e7os de Informa\u00e7\u00f5es (como &#8220;background check&#8221;), tamb\u00e9m ministrou aulas na Gradua\u00e7\u00e3o e orientou trabalhos de P\u00f3s-Gradua\u00e7\u00e3o.<\/p><p>Especializou-se em Direito e Processo Penal e conquistou o t\u00edtulo de mestrado em Direito Pol\u00edtico e Econ\u00f4mico e Doutorado em Direito do Estado, realizando um est\u00e1gio de pesquisa na Universidade de Economia e Neg\u00f3cios de Viena (WU) e um interc\u00e2mbio na Universidade de Hiroshima.<\/p>\t\t\t\t\t\t<\/div>\n\t\t\t\t<\/div>\n\t\t\t\t\t<\/div>\n\t\t\t\t<\/div>\n\t\t\t\t\t<\/div>\n\t\t\t\t<\/div>\n\t\t\t\t\t\t\t<\/div>\n\t\t","protected":false},"excerpt":{"rendered":"<p>Dra. Tatiana Michele Marazzi Welge Formada pela Faculdade de Direito do Largo de S\u00e3o Francisco da Universidade de S\u00e3o Paulo em 2000, \u00e9 advogada registrada na Ordem dos Advogados do Brasil desde 2001, com o n\u00famero 185.553. Come\u00e7ou sua trajet\u00f3ria na \u00e1rea jur\u00eddica durante um est\u00e1gio no Departamento Jur\u00eddico XI de Agosto, onde foi diretora [&hellip;]<\/p>\n","protected":false},"author":1,"featured_media":0,"parent":0,"menu_order":0,"comment_status":"closed","ping_status":"closed","template":"","meta":{"footnotes":""},"class_list":["post-48","page","type-page","status-publish","hentry"],"_links":{"self":[{"href":"https:\/\/marazziadv.com\/index.php?rest_route=\/wp\/v2\/pages\/48","targetHints":{"allow":["GET"]}}],"collection":[{"href":"https:\/\/marazziadv.com\/index.php?rest_route=\/wp\/v2\/pages"}],"about":[{"href":"https:\/\/marazziadv.com\/index.php?rest_route=\/wp\/v2\/types\/page"}],"author":[{"embeddable":true,"href":"https:\/\/marazziadv.com\/index.php?rest_route=\/wp\/v2\/users\/1"}],"replies":[{"embeddable":true,"href":"https:\/\/marazziadv.com\/index.php?rest_route=%2Fwp%2Fv2%2Fcomments&post=48"}],"version-history":[{"count":34,"href":"https:\/\/marazziadv.com\/index.php?rest_route=\/wp\/v2\/pages\/48\/revisions"}],"predecessor-version":[{"id":703,"href":"https:\/\/marazziadv.com\/index.php?rest_route=\/wp\/v2\/pages\/48\/revisions\/703"}],"wp:attachment":[{"href":"https:\/\/marazziadv.com\/index.php?rest_route=%2Fwp%2Fv2%2Fmedia&parent=48"}],"curies":[{"name":"wp","href":"https:\/\/api.w.org\/{rel}","templated":true}]}}